{"id":214,"date":"2014-01-20T23:00:36","date_gmt":"2014-01-20T22:00:36","guid":{"rendered":"http:\/\/www.prokatavtomobileypraga.cz\/?page_id=214"},"modified":"2014-02-06T21:08:04","modified_gmt":"2014-02-06T20:08:04","slug":"zajimava-mista","status":"publish","type":"page","link":"https:\/\/www.prokatavtomobileypraga.cz\/cs\/zajimava-mista\/","title":{"rendered":"Zaj\u00edmav\u00e1 m\u00edsta"},"content":{"rendered":"<p>Pro inspiraci jsme pro V\u00e1s p\u0159ipravili seznam vybran\u00fdch m\u00edst v \u010cesk\u00e9 republice, kde se nach\u00e1z\u00ed n\u011bjak\u00e1 zaj\u00edmavost.<br \/>\nAbyste si mohli kr\u00e1sy na\u0161\u00ed vlasti vychutnat bez probl\u00e9m\u016f, doporu\u010dujeme navigaci.<br \/>\nSt\u0159edn\u00ed \u010cechyKarl\u0161tejn<\/p>\n<p>Hrady: Karl\u0161tejn &#8211; Krakovec &#8211; K\u0159ivokl\u00e1t &#8211; To\u010dn\u00edk (Zdice) &#8211; Varga\u010d (Dob\u0159\u00ed\u0161) &#8211; \u017debr\u00e1k<\/p>\n<p>Z\u00e1mky: B\u0159eznice \u2013 Dob\u0159\u00ed\u0161 &#8211; Konopi\u0161t\u011b &#8211; Ho\u0159ovice &#8211; L\u00e1ny &#8211; Nelahozeves &#8211; Roztoky &#8211; Vysok\u00e1 u P\u0159\u00edbrami<\/p>\n<p>Z\u0159\u00edceniny hrad\u016f: Jen\u010dov &#8211; Oko\u0159<\/p>\n<p>Kutn\u00e1 hora: (Kostel Sv. Barbory, Vla\u0161sk\u00fd Soud, Hr\u00e1deck\u00e9 Museum, Kostnice, Kostel p\u0159ijet\u00ed panny Marie, Kl\u00e1\u0161ter Sv. Ur\u0161uly)<\/p>\n<p>\u010cesk\u00fd r\u00e1j:\u00a0\u00a0 Dr\u00e1bsk\u00e9 sv\u011btni\u010dky<br \/>\nHrady:\u00a0\u00a0 Kost &#8211; Kozlov &#8211; Michalovice &#8211; Vald\u0161tejn &#8211; Vranov \u2013 Rot\u0161t\u011bjn<br \/>\nZ\u00e1mky:\u00a0\u00a0 Sychrov &#8211; D\u011btenice &#8211; Hrub\u00e1 Sk\u00e1la &#8211; Hrub\u00fd Rohozec &#8211; Humprecht &#8211; Kamenice &#8211; Mnichovo Hradi\u0161t\u011b &#8211; Star\u00e9 Hrady &#8211; Zbirohy<br \/>\nZ\u0159\u00edceniny hrad\u016f:\u00a0\u00a0 Bradlec &#8211; Fr\u00fdd\u0161tejn &#8211; Kumburk &#8211; Zv\u00ed\u0159etice<\/p>\n<p>Z\u00e1padn\u00ed \u010cechy<\/p>\n<p>L\u00e1zn\u011b:\u00a0 Karlovy Vary \u2013 Franti\u0161kovy l\u00e1zn\u011b \u2013 Mari\u00e1nsk\u00e9 l\u00e1zn\u011b &#8211; L\u00e1zn\u011b J\u00e1chymov<\/p>\n<p>Hrady: Loket \u2013 Be\u010dov nad Teplou \u2013 Hasi\u0161tejn<\/p>\n<p>Slavkovsk\u00fd les<\/p>\n<p>&nbsp;<\/p>\n<p>V\u00fdchodn\u00ed \u010cechy<\/p>\n<p>Hradec Kr\u00e1lov\u00e9:\u00a0\u00a0 B\u00edl\u00e1 v\u011b\u017e a kostel Svat\u00e9ho ducha, \u010cesk\u00e9 v\u00fdchodn\u00ed Museum<br \/>\nPoli\u010dka:\u00a0\u00a0 Nejl\u00e9pe zachovan\u00fd pad\u011blac\u00ed syst\u00e9m v \u010cesk\u00e9 republice, Morov\u00fd sloup.<br \/>\nLitomy\u0161l:\u00a0\u00a0 Z\u00e1mek Litomy\u0161l, Byt, kde se narodil Bed\u0159ich Smetana, D\u016fm u Ryt\u00ed\u0159\u016f<br \/>\nOrlick\u00e9 hory:\u00a0\u00a0 Z\u0159\u00edcenina hradu Pot\u0161t\u011bjn<br \/>\nKun\u011btick\u00e1 hora<br \/>\nRatibo\u0159ice:\u00a0\u00a0 Babi\u010d\u010dino \u00fadol\u00ed<br \/>\nKrkono\u0161e<\/p>\n<p>St\u0159edn\u00ed a Severn\u00ed Morava<\/p>\n<p>Velehrad:\u00a0\u00a0 Vala\u0161sk\u00e9 muzeum v p\u0159\u00edrod\u011b<br \/>\nZ\u00e1mky:\u00a0\u00a0 Krom\u011b\u0159\u00ed\u017e \u2013 Krava\u0159e &#8211; Vizovice \u2013 Buchlovice &#8211; J\u00e1nsk\u00fd vrch \u2013 Velk\u00e9 Losiny<br \/>\nHrady:\u00a0\u00a0 Bouzov \u2013 \u00dasov \u2013 Sovinec \u2013\u2013 Hukvaldy \u2013 Helf\u0161t\u00fdn<br \/>\nD\u016fl Michal<br \/>\nPam\u00e1tn\u00edk ob\u011btem nacistick\u00e9ho teroru<br \/>\nJesen\u00edky<br \/>\n\u010cestn\u00fd sloup Nejsv\u011bt\u011bj\u0161\u00ed trojice<\/p>\n<p>Severn\u00ed \u010cechy<\/p>\n<p>Terez\u00edn<br \/>\n\u0158\u00edp<br \/>\nZ\u00e1mek Libochovice<br \/>\nVodn\u00ed hrad v Budyni nad Oh\u0159\u00ed<br \/>\nLu\u017eick\u00e9 hory<br \/>\nD\u011b\u010d\u00ednsk\u00e9 st\u011bny<br \/>\nJe\u0161t\u011bd<br \/>\nHrad Hazmburk<br \/>\n\u010cesk\u00e9 \u0160v\u00fdcarsko<\/p>\n<p>Ji\u017en\u00ed \u010cechy<\/p>\n<p>Z\u00e1mky:\u00a0\u00a0 Cerhonick\u00fd &#8211; Jind\u0159ich\u016fv Hradec \u2013 Bechyn\u011b &#8211; Blatn\u00e1 &#8211; Chlum u T\u0159ebon\u011b &#8211; Chotoviny &#8211; Da\u010dice &#8211; \u010cerven\u00e1 Lhota &#8211; Hlubok\u00e1 nad Vltavou &#8211; Kest\u0159any &#8211; Koma\u0159ovice &#8211; Ln\u00e1\u0159e &#8211; M\u011b\u0161ice &#8211; Orl\u00edk &#8211; Raden\u00edn- T\u00fdn nad Vltavou &#8211; T\u0159ebo\u0148<br \/>\nHrady:\u00a0\u00a0 Land\u0161tejn &#8211; Nov\u00e9 Hrady \u2013 Jind\u0159ich\u016fv Hradec &#8211; P\u00edsek &#8211; Strakonice &#8211; Zv\u00edkov &#8211; Kotnov<br \/>\nHradby v Nov\u00e9 Byst\u0159ici<br \/>\nZ\u0159\u00edceniny:\u00a0\u00a0 Dobronice &#8211; Choustn\u00edk &#8211; Helfenburk &#8211; Koz\u00ed Hr\u00e1dek<br \/>\nPr\u00e1check\u00e9 museum<br \/>\nRozhledna Jarn\u00edk<br \/>\nAlbrechtice nad Vltavou (h\u0159bitov)<br \/>\n\u010cesk\u00fd Krumlov:\u00a0\u00a0 z\u00e1mek a hrad, Barokn\u00ed divadlo, Egon Schiele Centrum, M\u00edstn\u00ed geografick\u00e9 museum, Z\u00e1meck\u00e1 zahrada s oto\u010dn\u00fdm podiem<br \/>\nT\u0159ebo\u0148:\u00a0\u00a0 Hrobka Schwarzenberg\u016f, Kostel Sv. Jilj\u00ed, Hunovy l\u00e1zn\u011b, Berta l\u00e1zn\u011b, Divadlo J. K.Tyla<\/p>\n<p>Ji\u017en\u00ed Morava<\/p>\n<p>Hrady:\u00a0\u00a0 \u0160pilberk (Brno) \u2013 Veve\u0159\u00ed<br \/>\nZ\u00e1mky:\u00a0\u00a0 Lednice \u2013 Valtice \u2013 Hodon\u00edn \u2013 Bu\u010dovice \u2013 Slavkov u Brna \u2013 Krom\u011b\u0159\u00ed\u017e \u2013 Blansko<br \/>\nChr\u00e1n\u011bn\u00e1 krajinn\u00e1 oblast Moravsk\u00fd kras<br \/>\nJeskyn\u011b:\u00a0\u00a0 Balcarka &#8211; Blanick\u00fdch ryt\u00ed\u0159\u016f v Rudce u Kun\u0161t\u00e1tu &#8211; B\u00fd\u010d\u00ed sk\u00e1la &#8211; Kate\u0159insk\u00e1 &#8211; Punkevn\u00ed &#8211; Sloupsko &#8211; \u0161o\u0161\u016fvsk\u00e9 jeskyn\u011b &#8211; Propast Macocha<\/p>\n<p>Vyso\u010dina<\/p>\n<p>Tel\u010d:\u00a0\u00a0 Historick\u00e9 n\u00e1m\u011bst\u00ed, Zemsk\u00e9 Museum, V\u011b\u017e Duch Svat\u00e9ho, Kostel Sv. Jakuba<br \/>\nPelh\u0159imov:\u00a0\u00a0 muzeum rekord\u016f<br \/>\nVesel\u00fd kopec<\/p>\n<p>Betl\u00e9m Hlinsko<br \/>\nVesel\u00fd kopec<br \/>\nMuzeum loutk\u00e1\u0159sk\u00fdch kultur<br \/>\nHrad Pern\u0161tejn<br \/>\nZ\u00e1mek T\u0159eb\u00ed\u010d<\/p>\n","protected":false},"excerpt":{"rendered":"<p>Pro inspiraci jsme pro V\u00e1s p\u0159ipravili seznam vybran\u00fdch m\u00edst v \u010cesk\u00e9 republice, kde se nach\u00e1z\u00ed n\u011bjak\u00e1 zaj\u00edmavost. Abyste si mohli kr\u00e1sy na\u0161\u00ed vlasti vychutnat bez probl\u00e9m\u016f, doporu\u010dujeme navigaci. St\u0159edn\u00ed \u010cechyKarl\u0161tejn Hrady: Karl\u0161tejn &#8211; Krakovec &#8211; K\u0159ivokl\u00e1t &#8211; To\u010dn\u00edk (Zdice) &#8211; Varga\u010d (Dob\u0159\u00ed\u0161) &#8211; \u017debr\u00e1k Z\u00e1mky: B\u0159eznice \u2013 Dob\u0159\u00ed\u0161 &#8211; Konopi\u0161t\u011b &#8211; Ho\u0159ovice &#8211; L\u00e1ny &#8211; [&hellip;]<\/p>\n","protected":false},"author":1,"featured_media":0,"parent":0,"menu_order":0,"comment_status":"closed","ping_status":"closed","template":"","meta":{"_et_pb_use_builder":"on","_et_pb_old_content":"","_et_gb_content_width":"","footnotes":""},"class_list":["post-214","page","type-page","status-publish","hentry"],"aioseo_notices":[],"_links":{"self":[{"href":"https:\/\/www.prokatavtomobileypraga.cz\/cs\/wp-json\/wp\/v2\/pages\/214","targetHints":{"allow":["GET"]}}],"collection":[{"href":"https:\/\/www.prokatavtomobileypraga.cz\/cs\/wp-json\/wp\/v2\/pages"}],"about":[{"href":"https:\/\/www.prokatavtomobileypraga.cz\/cs\/wp-json\/wp\/v2\/types\/page"}],"author":[{"embeddable":true,"href":"https:\/\/www.prokatavtomobileypraga.cz\/cs\/wp-json\/wp\/v2\/users\/1"}],"replies":[{"embeddable":true,"href":"https:\/\/www.prokatavtomobileypraga.cz\/cs\/wp-json\/wp\/v2\/comments?post=214"}],"version-history":[{"count":3,"href":"https:\/\/www.prokatavtomobileypraga.cz\/cs\/wp-json\/wp\/v2\/pages\/214\/revisions"}],"predecessor-version":[{"id":290,"href":"https:\/\/www.prokatavtomobileypraga.cz\/cs\/wp-json\/wp\/v2\/pages\/214\/revisions\/290"}],"wp:attachment":[{"href":"https:\/\/www.prokatavtomobileypraga.cz\/cs\/wp-json\/wp\/v2\/media?parent=214"}],"curies":[{"name":"wp","href":"https:\/\/api.w.org\/{rel}","templated":true}]}}