{"id":190,"date":"2014-01-20T21:57:57","date_gmt":"2014-01-20T20:57:57","guid":{"rendered":"http:\/\/www.prokatavtomobileypraga.cz\/?page_id=190"},"modified":"2014-02-06T21:11:05","modified_gmt":"2014-02-06T20:11:05","slug":"contact","status":"publish","type":"page","link":"https:\/\/www.prokatavtomobileypraga.cz\/en\/contact\/","title":{"rendered":"Contact"},"content":{"rendered":"<p>Address:<\/p>\n<p>ASAP Rent car, s.r.o.<br \/>\nModletice 75.<br \/>\np.Dob\u0159ejovice<br \/>\n25101 \u0158\u00ed\u010dany<\/p>\n<p>Prague center &#8211; delivery and collection at your hotel is free<br \/>\nMo \u2013 Su: 8:00 \u2013 21:00<br \/>\nFrom 18:00 till 8:00 extra fee for outside office hours<\/p>\n<p>Airport V\u00e1clava Havla \/ Ruzyn\u011b (PRG):<br \/>\nMo \u2013 Su: 8:00 \u2013 21:00<br \/>\nFrom 21:00 till 8:00 extra fee for outside office hours<\/p>\n<p>I\u010cO: 26723301<br \/>\nDI\u010c: CZ 26723301<br \/>\nTel: +420 602 307 836 (czech, english)<br \/>\n+420 602 307 835 (czech, english)<br \/>\n+420 602 307 839 (czech, english)<br \/>\n+420 323 605 521 (czech, english)<br \/>\nHot line: +420 602 307 836 or +420 602 307 835<br \/>\nFax: +420 323 605 521<br \/>\nEmail: asap@asap-rentcar.cz<br \/>\nWWW: www.asap-rentcar.cz<br \/>\nwww.autopujcovna-praha.cz<br \/>\nwww.praguerentacar.cz<br \/>\nwww.carrentalprague.cz<br \/>\nICQ: 359-690-431<br \/>\nSkype: asap_rentcar<\/p>\n<p>Transportation to the rent a car<br \/>\nTravel by car from Downtown Prague:<\/p>\n<p>5. kv\u011btna road \u2013 exit from the E50 road direction to \\&#8221;\u0158\u00ed\u010dany\\&#8221; &#8211; on traffic circle right on the \\&#8221;Jesenice\\&#8221; &#8211; after about 150 meters turn left on \\&#8221;Popovi\u010dky\\&#8221; &#8211; after about 1000 meters turn right on \\&#8221;Modletice\\&#8221; &#8211; 150 metres turn left to the area of the firm.<br \/>\nTravel by Public Transportation from Downtown Prague:<\/p>\n<p>Metro Route C direction to \\&#8221;Haje\\&#8221; \u2013 \\&#8221;Opatov\\&#8221; Metro Stop Station \u2013 transfer to the Bus no. 363 \u2013 \\&#8221;Modletice rozc.\\&#8221; Bus Stop (left in front of the firm)<br \/>\nTravel by Public Transportation from Airport Vaclava Havla \/ Ruzyne (PRG):<\/p>\n<p>Bus no. 119 direction to Dejvick\u00e1 \u2013 Dejvick\u00e1 Bus Stop \u2013 transfer to Metro Route A direction to Skalka \u2013 Muzeum Metro Stop Station \u2013 transfer to Metro Route C direction to H\u00e1je \u2013 \\&#8221;Opatov\\&#8221; Metro Stop Station \u2013 transfer to the Bus no. 363 \u2013 \\&#8221;Modletice rozc.\\&#8221; Bus Stop (left in front of the firm)<\/p>\n","protected":false},"excerpt":{"rendered":"<p>Address: ASAP Rent car, s.r.o. Modletice 75. p.Dob\u0159ejovice 25101 \u0158\u00ed\u010dany Prague center &#8211; delivery and collection at your hotel is free Mo \u2013 Su: 8:00 \u2013 21:00 From 18:00 till 8:00 extra fee for outside office hours Airport V\u00e1clava Havla \/ Ruzyn\u011b (PRG): Mo \u2013 Su: 8:00 \u2013 21:00 From 21:00 till 8:00 extra fee [&hellip;]<\/p>\n","protected":false},"author":1,"featured_media":0,"parent":0,"menu_order":0,"comment_status":"closed","ping_status":"closed","template":"template_contacts.php","meta":{"_et_pb_use_builder":"","_et_pb_old_content":"","_et_gb_content_width":"","footnotes":""},"class_list":["post-190","page","type-page","status-publish","hentry"],"aioseo_notices":[],"_links":{"self":[{"href":"https:\/\/www.prokatavtomobileypraga.cz\/en\/wp-json\/wp\/v2\/pages\/190","targetHints":{"allow":["GET"]}}],"collection":[{"href":"https:\/\/www.prokatavtomobileypraga.cz\/en\/wp-json\/wp\/v2\/pages"}],"about":[{"href":"https:\/\/www.prokatavtomobileypraga.cz\/en\/wp-json\/wp\/v2\/types\/page"}],"author":[{"embeddable":true,"href":"https:\/\/www.prokatavtomobileypraga.cz\/en\/wp-json\/wp\/v2\/users\/1"}],"replies":[{"embeddable":true,"href":"https:\/\/www.prokatavtomobileypraga.cz\/en\/wp-json\/wp\/v2\/comments?post=190"}],"version-history":[{"count":3,"href":"https:\/\/www.prokatavtomobileypraga.cz\/en\/wp-json\/wp\/v2\/pages\/190\/revisions"}],"predecessor-version":[{"id":294,"href":"https:\/\/www.prokatavtomobileypraga.cz\/en\/wp-json\/wp\/v2\/pages\/190\/revisions\/294"}],"wp:attachment":[{"href":"https:\/\/www.prokatavtomobileypraga.cz\/en\/wp-json\/wp\/v2\/media?parent=190"}],"curies":[{"name":"wp","href":"https:\/\/api.w.org\/{rel}","templated":true}]}}