{"id":216,"date":"2014-01-20T23:01:44","date_gmt":"2014-01-20T22:01:44","guid":{"rendered":"http:\/\/www.prokatavtomobileypraga.cz\/?page_id=216"},"modified":"2014-02-06T21:10:43","modified_gmt":"2014-02-06T20:10:43","slug":"tips-for-trips","status":"publish","type":"page","link":"https:\/\/www.prokatavtomobileypraga.cz\/en\/tips-for-trips\/","title":{"rendered":"Tips for trips"},"content":{"rendered":"<h2>Interesting places in Czech Republic<\/h2>\n<h2><\/h2>\n<h2>Middle of Bohemia<\/h2>\n<ul>\n<li><strong>Castles:<\/strong>Karl\u0161tejn &#8211; Krakovec &#8211; K\u0159ivokl\u00e1t &#8211; To\u010dn\u00edk (Zdice) &#8211; Varga\u010d (Dob\u0159\u00ed\u0161) &#8211; \u017debr\u00e1k<\/li>\n<li><strong>Chateaux:<\/strong>B\u0159eznice \u2013 Dob\u0159\u00ed\u0161 &#8211; Ho\u0159ovice &#8211; L\u00e1ny &#8211; Nelahozeves &#8211; Roztoky &#8211; Vysok\u00e1 u P\u0159\u00edbrami<\/li>\n<li><strong>Ruins of castles:<\/strong>Jen\u010dov &#8211; Oko\u0159<\/li>\n<li><strong>Kutn\u00e1 Hora (UNESCO city):<\/strong>(Cathedral of St. Barbara, Italien Court, Museum, Ossuary, Church of our Lady, Ursulini Convent) &#8211; Lidice<\/li>\n<\/ul>\n<p>&nbsp;<\/p>\n<h2>Czech Paradise<\/h2>\n<ul>\n<li><strong>Rock castle Dr\u00e1bsk\u00e9 sv\u011btni\u010dky<\/strong><\/li>\n<li><strong>Castles:<\/strong>Kost &#8211; Kozlov &#8211; Michalovice &#8211; Vald\u0161tejn &#8211; Vranov \u2013 Rot\u0161t\u011bjn<\/li>\n<li><strong>Chateaux:<\/strong>Sychrov &#8211; D\u011btenice &#8211; Hrub\u00e1 Sk\u00e1la &#8211; Hrub\u00fd Rohozec &#8211; Humprecht &#8211; Kamenice &#8211; Mnichovo Hradi\u0161t\u011b &#8211; Star\u00e9 Hrady &#8211; Zbirohy<\/li>\n<li><strong>Ruins of castles:<\/strong>Bradlec &#8211; Fr\u00fdd\u0161tejn &#8211; Kumburk &#8211; Zv\u00ed\u0159etice<\/li>\n<\/ul>\n<p>&nbsp;<\/p>\n<h2>Western Bohemia<\/h2>\n<ul>\n<li><strong>Spas:<\/strong>Karlovy Vary \u2013 Franti\u0161kovy l\u00e1zn\u011b \u2013 Mari\u00e1nsk\u00e9 l\u00e1zn\u011b &#8211; L\u00e1zn\u011b J\u00e1chymov<\/li>\n<li><strong>Castles:<\/strong>Loket \u2013 Be\u010dov nad Teplou \u2013 Hasi\u0161tejn<\/li>\n<li><strong>Slavkov\u00a0forest<\/strong><\/li>\n<\/ul>\n<p>&nbsp;<\/p>\n<h2>Eastern Bohemia<\/h2>\n<ul>\n<li><strong>Hradec Kr\u00e1lov\u00e9:<\/strong>White Tower and the Cathedral of the Holy Ghost,\u00a0Museum<\/li>\n<li><strong>Poli\u010dka:<\/strong>Marian pillar, Museum<\/li>\n<li><strong>Litomy\u0161l (UNESCO city):<\/strong>Chateau\u00a0Litomy\u0161l,\u00a0birthplace of czech composer Bedrich Smetana<\/li>\n<li><strong>Orlick\u00e9\u00a0mountains<\/strong><\/li>\n<li><strong>Ruins of castle\u00a0Pot\u0161t\u011bjn<\/strong><\/li>\n<li><strong>Castle Kun\u011btick\u00e1 hora<\/strong><\/li>\n<li><strong>Chateau Ratibo\u0159ice:<\/strong>Grand mother\u00b4s\u00a0valey &#8211; open air folk museum<\/li>\n<li><strong>Krkono\u0161e<\/strong> <strong>mountains<\/strong><\/li>\n<\/ul>\n<p>&nbsp;<\/p>\n<h2>Middle and North of Moravia<\/h2>\n<ul>\n<li><strong>Pilgrimage place Velehrad:<\/strong><\/li>\n<li><strong>Vala\u0161sk\u00e9 muzeum<\/strong> &#8211; open air folk museum<\/li>\n<li><strong>Chateaux:<\/strong>Krom\u011b\u0159\u00ed\u017e \u2013 Krava\u0159e &#8211; Vizovice \u2013 Buchlovice &#8211; J\u00e1nsk\u00fd vrch \u2013 Velk\u00e9 Losiny<\/li>\n<li><strong>Castles:<\/strong>Bouzov \u2013 \u00dasov \u2013 Sovinec \u2013\u2013 Hukvaldy \u2013 Helf\u0161t\u00fdn<\/li>\n<li><strong>Mine\u00a0Michal<\/strong><\/li>\n<li><strong>Memorial to the Victims of the Nazism in Northern Moravia<\/strong><\/li>\n<li><strong>Jesen\u00edky mountains<\/strong><\/li>\n<li><strong>Honorary Holy Trinity Column in Olomouc<\/strong><\/li>\n<\/ul>\n<p>&nbsp;<\/p>\n<h2><\/h2>\n<h2>Northern Bohemia<\/h2>\n<ul>\n<li><strong>Memorial Terez\u00edn<\/strong> (concentration camp during the Second Word War)<\/li>\n<li><strong>Hill \u0158\u00edp<\/strong> (memorial czech place)<\/li>\n<li><strong>Chateau\u00a0Libochovice<\/strong><\/li>\n<li><strong>Wather castle Budyn\u011b nad\u00a0Oh\u0159\u00ed<\/strong><\/li>\n<li><strong>Lu\u017eick\u00e9\u00a0mountains<\/strong><\/li>\n<li><strong>D\u011b\u010d\u00edn rock walls<\/strong><\/li>\n<li><strong>Mountain Je\u0161t\u011bd<\/strong> (observation, hotel, cableway)<\/li>\n<li><strong>Castle\u00a0Hazmburk<\/strong><\/li>\n<li><strong>\u010cesk\u00e9 \u0160v\u00fdcarsko<\/strong> (national park &#8211; rock walls, nature)<\/li>\n<\/ul>\n<p>&nbsp;<\/p>\n<h2>Southern Bohemia<\/h2>\n<ul>\n<li><strong>Chateaux:<\/strong>Cerhonick\u00fd &#8211; Jind\u0159ich\u016fv Hradec \u2013 Bechyn\u011b &#8211; Blatn\u00e1 &#8211; Chlum u T\u0159ebon\u011b &#8211; Chotoviny &#8211; Da\u010dice &#8211; \u010cerven\u00e1 Lhota &#8211; Hlubok\u00e1 nad Vltavou &#8211; Kest\u0159any &#8211; Koma\u0159ovice &#8211; Ln\u00e1\u0159e &#8211; M\u011b\u0161ice &#8211; Orl\u00edk &#8211; Raden\u00edn- T\u00fdn nad Vltavou &#8211; T\u0159ebo\u0148<\/li>\n<li><strong>Castles:<\/strong>Land\u0161tejn &#8211; Nov\u00e9 Hrady \u2013 Jind\u0159ich\u016fv Hradec &#8211; P\u00edsek &#8211; Strakonice &#8211; Zv\u00edkov &#8211; Kotnov<\/li>\n<li><strong>City walls in Nov\u00e1 Byst\u0159ice\u00a0<\/strong><\/li>\n<li><strong>Ruins of castles:<\/strong>\u00a0 Dobronice &#8211; Choustn\u00edk &#8211; Helfenburk &#8211; Koz\u00ed Hr\u00e1dek<\/li>\n<li><strong>Pr\u00e1check\u00e9 Museum<\/strong><\/li>\n<li><strong>Observation\u00a0Jarn\u00edk<\/strong><\/li>\n<li><strong>Albrechtice nad Vltavou<\/strong> (cemetery)<\/li>\n<li><strong>\u010cesk\u00fd Krumlov<\/strong> (UNESCO city):Chateau and Castle, Barock Theatre, Egon Schiele Centre, Geographical Museum,\u00a0castle gardens with a revolving theatre<\/li>\n<li><strong>T\u0159ebo\u0148:<\/strong>Castle, Schwarzenberg Tomb,\u00a0Church St. Jilj\u00ed, Huna spa, Berta spa,\u00a0Theatre of J. K. Tyl<\/li>\n<\/ul>\n<p>&nbsp;<\/p>\n<h2>Southern Moravia<\/h2>\n<ul>\n<li><strong>Castles:<\/strong>\u0160pilberk (Brno) \u2013 Veve\u0159\u00ed<\/li>\n<li><strong>Chateaux:<\/strong><strong>Lednice \u2013 Valtice (UNESCO place)<\/strong>\u00a0\u2013 Hodon\u00edn \u2013 Bu\u010dovice \u2013 Slavkov u Brna \u2013 Krom\u011b\u0159\u00ed\u017e \u2013 Blansko<\/li>\n<li><strong>Conservation area Moravian Karst<\/strong> (karst area)<\/li>\n<li><strong>Caves:<\/strong>Balcarka &#8211; Catherine\u00b4s\u00a0 &#8211; Punkva with underground river &#8211; Sloups-Sosuvka &#8211; Abbys Macocha<\/li>\n<\/ul>\n<p>&nbsp;<\/p>\n<h2>Highlands<\/h2>\n<ul>\n<li><strong>Tel\u010d (UNESCO city):<\/strong>historical square,\u00a0Museum, Tower of St. Ghost, Church of St. Jakob<\/li>\n<li><strong>Pelh\u0159imov:<\/strong>Museum of Records<\/li>\n<li><strong>Vesel\u00fd kopec:<\/strong>Betl\u00e9m Hlinsko &#8211; open air folk museum<\/li>\n<\/ul>\n<ul>\n<li><strong>Museum of Puppets<\/strong><\/li>\n<li><strong>Castle\u00a0Pern\u0161tejn<\/strong><\/li>\n<li><strong>Chateau\u00a0T\u0159eb\u00ed\u010d<\/strong><\/li>\n<\/ul>\n","protected":false},"excerpt":{"rendered":"<p>Interesting places in Czech Republic Middle of Bohemia Castles:Karl\u0161tejn &#8211; Krakovec &#8211; K\u0159ivokl\u00e1t &#8211; To\u010dn\u00edk (Zdice) &#8211; Varga\u010d (Dob\u0159\u00ed\u0161) &#8211; \u017debr\u00e1k Chateaux:B\u0159eznice \u2013 Dob\u0159\u00ed\u0161 &#8211; Ho\u0159ovice &#8211; L\u00e1ny &#8211; Nelahozeves &#8211; Roztoky &#8211; Vysok\u00e1 u P\u0159\u00edbrami Ruins of castles:Jen\u010dov &#8211; Oko\u0159 Kutn\u00e1 Hora (UNESCO city):(Cathedral of St. Barbara, Italien Court, Museum, Ossuary, Church of our [&hellip;]<\/p>\n","protected":false},"author":1,"featured_media":0,"parent":0,"menu_order":0,"comment_status":"closed","ping_status":"closed","template":"","meta":{"_et_pb_use_builder":"on","_et_pb_old_content":"","_et_gb_content_width":"","footnotes":""},"class_list":["post-216","page","type-page","status-publish","hentry"],"aioseo_notices":[],"_links":{"self":[{"href":"https:\/\/www.prokatavtomobileypraga.cz\/en\/wp-json\/wp\/v2\/pages\/216","targetHints":{"allow":["GET"]}}],"collection":[{"href":"https:\/\/www.prokatavtomobileypraga.cz\/en\/wp-json\/wp\/v2\/pages"}],"about":[{"href":"https:\/\/www.prokatavtomobileypraga.cz\/en\/wp-json\/wp\/v2\/types\/page"}],"author":[{"embeddable":true,"href":"https:\/\/www.prokatavtomobileypraga.cz\/en\/wp-json\/wp\/v2\/users\/1"}],"replies":[{"embeddable":true,"href":"https:\/\/www.prokatavtomobileypraga.cz\/en\/wp-json\/wp\/v2\/comments?post=216"}],"version-history":[{"count":2,"href":"https:\/\/www.prokatavtomobileypraga.cz\/en\/wp-json\/wp\/v2\/pages\/216\/revisions"}],"predecessor-version":[{"id":293,"href":"https:\/\/www.prokatavtomobileypraga.cz\/en\/wp-json\/wp\/v2\/pages\/216\/revisions\/293"}],"wp:attachment":[{"href":"https:\/\/www.prokatavtomobileypraga.cz\/en\/wp-json\/wp\/v2\/media?parent=216"}],"curies":[{"name":"wp","href":"https:\/\/api.w.org\/{rel}","templated":true}]}}